{"id":1918,"date":"2023-10-17T21:36:23","date_gmt":"2023-10-17T19:36:23","guid":{"rendered":"https:\/\/trybu.io\/?page_id=1918"},"modified":"2026-01-30T12:03:31","modified_gmt":"2026-01-30T11:03:31","slug":"mentions-legales","status":"publish","type":"page","link":"https:\/\/trybu.io\/en\/mentions-legales\/","title":{"rendered":"Legal Notice"},"content":{"rendered":"<div data-elementor-type=\"wp-page\" data-elementor-id=\"1918\" class=\"elementor elementor-1918\" data-elementor-post-type=\"page\">\n\t\t\t\t<div class=\"elementor-element elementor-element-04c22c9 e-flex e-con-boxed e-con e-parent\" data-id=\"04c22c9\" data-element_type=\"container\" data-e-type=\"container\">\n\t\t\t\t\t<div class=\"e-con-inner\">\n\t\t\t\t<div class=\"elementor-element elementor-element-5621bb4 elementor-widget elementor-widget-text-editor\" data-id=\"5621bb4\" data-element_type=\"widget\" data-e-type=\"widget\" data-widget_type=\"text-editor.default\">\n\t\t\t\t<div class=\"elementor-widget-container\">\n\t\t\t\t\t\t\t\t\t<p>The Trybu trademark is a registered trademark with the INPI (French National Institute of Industrial Property). Any use of this trademark without our prior authorization may expose you to legal action.\nThe website www.trybu.io\n is intended to provide information regarding all services and activities of the company.\nThe information displayed on the site is provided for indicative purposes only and may be subject to change.\u00a0<\/p>\t\t\t\t\t\t\t\t<\/div>\n\t\t\t\t<\/div>\n\t\t\t\t<div class=\"elementor-element elementor-element-63fb741 elementor-widget elementor-widget-heading\" data-id=\"63fb741\" data-element_type=\"widget\" data-e-type=\"widget\" data-widget_type=\"heading.default\">\n\t\t\t\t<div class=\"elementor-widget-container\">\n\t\t\t\t\t<h2 class=\"elementor-heading-title elementor-size-default\">Site Publication :\n<\/h2>\t\t\t\t<\/div>\n\t\t\t\t<\/div>\n\t\t\t\t<div class=\"elementor-element elementor-element-844200f elementor-widget elementor-widget-text-editor\" data-id=\"844200f\" data-element_type=\"widget\" data-e-type=\"widget\" data-widget_type=\"text-editor.default\">\n\t\t\t\t<div class=\"elementor-widget-container\">\n\t\t\t\t\t\t\t\t\t<p>The internal website https:\/\/www.trybu.io\n is published by the company Trybu SAS :&nbsp;<\/p>\n<ul>\n<li>simplified joint-stock company<\/li>\n<li>au capital de 79 500\u20ac<\/li>\n<li>whose registered office is located at 87 rue du Fontenoy, 59100 Roubaix France<\/li>\n<li>registered with the Lille Trade and Companies Register under SIREN number 925 401 663.<\/li>\n<li>email: contact@trybu.io<\/li>\n<li>tel : +33 6.82.53.74.14<\/li>\n<\/ul>\t\t\t\t\t\t\t\t<\/div>\n\t\t\t\t<\/div>\n\t\t\t\t<div class=\"elementor-element elementor-element-9757ce2 elementor-widget elementor-widget-heading\" data-id=\"9757ce2\" data-element_type=\"widget\" data-e-type=\"widget\" data-widget_type=\"heading.default\">\n\t\t\t\t<div class=\"elementor-widget-container\">\n\t\t\t\t\t<h2 class=\"elementor-heading-title elementor-size-default\">Description of the services provided :<\/h2>\t\t\t\t<\/div>\n\t\t\t\t<\/div>\n\t\t\t\t<div class=\"elementor-element elementor-element-5cae6ec elementor-widget elementor-widget-text-editor\" data-id=\"5cae6ec\" data-element_type=\"widget\" data-e-type=\"widget\" data-widget_type=\"text-editor.default\">\n\t\t\t\t<div class=\"elementor-widget-container\">\n\t\t\t\t\t\t\t\t\t<p>The website https:\/\/www.trybu.io\/ aims to present and offer product trials through ambassadors recruited and managed by partner brands. A section dedicated to businesses presents the service offered by Trybu.io to professionals wishing to become partners.<\/p>\t\t\t\t\t\t\t\t<\/div>\n\t\t\t\t<\/div>\n\t\t\t\t<div class=\"elementor-element elementor-element-8af484b elementor-widget elementor-widget-heading\" data-id=\"8af484b\" data-element_type=\"widget\" data-e-type=\"widget\" data-widget_type=\"heading.default\">\n\t\t\t\t<div class=\"elementor-widget-container\">\n\t\t\t\t\t<h2 class=\"elementor-heading-title elementor-size-default\">Hosting :<\/h2>\t\t\t\t<\/div>\n\t\t\t\t<\/div>\n\t\t\t\t<div class=\"elementor-element elementor-element-c9bc7b2 elementor-widget elementor-widget-text-editor\" data-id=\"c9bc7b2\" data-element_type=\"widget\" data-e-type=\"widget\" data-widget_type=\"text-editor.default\">\n\t\t\t\t<div class=\"elementor-widget-container\">\n\t\t\t\t\t\t\t\t\t<p>The website is hosted by the company Bubble.io.<\/p>\t\t\t\t\t\t\t\t<\/div>\n\t\t\t\t<\/div>\n\t\t\t\t<div class=\"elementor-element elementor-element-5d96391 elementor-widget elementor-widget-heading\" data-id=\"5d96391\" data-element_type=\"widget\" data-e-type=\"widget\" data-widget_type=\"heading.default\">\n\t\t\t\t<div class=\"elementor-widget-container\">\n\t\t\t\t\t<h2 class=\"elementor-heading-title elementor-size-default\">Publication Director :\n<\/h2>\t\t\t\t<\/div>\n\t\t\t\t<\/div>\n\t\t\t\t<div class=\"elementor-element elementor-element-f51ece6 elementor-widget elementor-widget-text-editor\" data-id=\"f51ece6\" data-element_type=\"widget\" data-e-type=\"widget\" data-widget_type=\"text-editor.default\">\n\t\t\t\t<div class=\"elementor-widget-container\">\n\t\t\t\t\t\t\t\t\t<p>Le directeur de la publication du site est Thibaud Mory.<\/p>\t\t\t\t\t\t\t\t<\/div>\n\t\t\t\t<\/div>\n\t\t\t\t<div class=\"elementor-element elementor-element-a1d5ac6 elementor-widget elementor-widget-heading\" data-id=\"a1d5ac6\" data-element_type=\"widget\" data-e-type=\"widget\" data-widget_type=\"heading.default\">\n\t\t\t\t<div class=\"elementor-widget-container\">\n\t\t\t\t\t<h2 class=\"elementor-heading-title elementor-size-default\">Intellectual Property : <\/h2>\t\t\t\t<\/div>\n\t\t\t\t<\/div>\n\t\t\t\t<div class=\"elementor-element elementor-element-98b5c37 elementor-widget elementor-widget-text-editor\" data-id=\"98b5c37\" data-element_type=\"widget\" data-e-type=\"widget\" data-widget_type=\"text-editor.default\">\n\t\t\t\t<div class=\"elementor-widget-container\">\n\t\t\t\t\t\t\t\t\t<p data-start=\"1069\" data-end=\"1339\" class=\"translation-block\">The website and all of its components (texts, images, graphics, logo, icons, videos, software, etc.) are the exclusive property of Trybu or its partners and are protected under copyright and other intellectual property rights.<\/p><p data-start=\"1341\" data-end=\"1568\" class=\"translation-block\">Any reproduction, representation, modification, publication, or adaptation\u2014whether total or partial\u2014of any elements of the website, regardless of the means or process used, is prohibited without the prior written authorization of Trybu.<\/p>\t\t\t\t\t\t\t\t<\/div>\n\t\t\t\t<\/div>\n\t\t\t\t<div class=\"elementor-element elementor-element-7ca640a elementor-widget elementor-widget-heading\" data-id=\"7ca640a\" data-element_type=\"widget\" data-e-type=\"widget\" data-widget_type=\"heading.default\">\n\t\t\t\t<div class=\"elementor-widget-container\">\n\t\t\t\t\t<h2 class=\"elementor-heading-title elementor-size-default\">Disputes : <\/h2>\t\t\t\t<\/div>\n\t\t\t\t<\/div>\n\t\t\t\t<div class=\"elementor-element elementor-element-e080f51 elementor-widget elementor-widget-text-editor\" data-id=\"e080f51\" data-element_type=\"widget\" data-e-type=\"widget\" data-widget_type=\"text-editor.default\">\n\t\t\t\t<div class=\"elementor-widget-container\">\n\t\t\t\t\t\t\t\t\t<p data-start=\"1069\" data-end=\"1339\">These terms are governed by French law, and any dispute or litigation arising from their interpretation or execution shall fall under the exclusive jurisdiction of the courts having authority over the registered office of Trybu.<\/p><p data-start=\"1069\" data-end=\"1339\">The reference language for the resolution of any potential disputes is French.<\/p>\t\t\t\t\t\t\t\t<\/div>\n\t\t\t\t<\/div>\n\t\t\t\t<div class=\"elementor-element elementor-element-64f7239 elementor-widget elementor-widget-heading\" data-id=\"64f7239\" data-element_type=\"widget\" data-e-type=\"widget\" data-widget_type=\"heading.default\">\n\t\t\t\t<div class=\"elementor-widget-container\">\n\t\t\t\t\t<h2 class=\"elementor-heading-title elementor-size-default\">Cookies<\/h2>\t\t\t\t<\/div>\n\t\t\t\t<\/div>\n\t\t\t\t<div class=\"elementor-element elementor-element-7e263b7 elementor-widget elementor-widget-text-editor\" data-id=\"7e263b7\" data-element_type=\"widget\" data-e-type=\"widget\" data-widget_type=\"text-editor.default\">\n\t\t\t\t<div class=\"elementor-widget-container\">\n\t\t\t\t\t\t\t\t\t<p><span style=\"font-size: 1rem;\">The trybu.io website uses cookies and trackers to enhance your user experience, measure audience metrics, and offer content tailored to your interests.<\/span><\/p><p><span style=\"font-size: 1rem;\">You can configure your preferences at any time through our cookie management tool.<\/span><\/p>\t\t\t\t\t\t\t\t<\/div>\n\t\t\t\t<\/div>\n\t\t\t\t<div class=\"elementor-element elementor-element-944a9f2 elementor-widget elementor-widget-heading\" data-id=\"944a9f2\" data-element_type=\"widget\" data-e-type=\"widget\" data-widget_type=\"heading.default\">\n\t\t\t\t<div class=\"elementor-widget-container\">\n\t\t\t\t\t<h2 class=\"elementor-heading-title elementor-size-default\">Personal Data :<\/h2>\t\t\t\t<\/div>\n\t\t\t\t<\/div>\n\t\t\t\t<div class=\"elementor-element elementor-element-9a38300 elementor-widget elementor-widget-text-editor\" data-id=\"9a38300\" data-element_type=\"widget\" data-e-type=\"widget\" data-widget_type=\"text-editor.default\">\n\t\t\t\t<div class=\"elementor-widget-container\">\n\t\t\t\t\t\t\t\t\t<p data-start=\"1600\" data-end=\"1840\">In accordance with the General Data Protection Regulation (GDPR) and the French \u201cInformatique et Libert\u00e9s\u201d law, you have the right to access, rectify, oppose, delete, and transfer your personal data.<\/p><p data-start=\"1842\" data-end=\"1996\">To exercise these rights, or for any questions regarding your personal data, you may contact us at:<\/p><p data-start=\"1842\" data-end=\"1996\">dpo@trybu.io<\/p>\t\t\t\t\t\t\t\t<\/div>\n\t\t\t\t<\/div>\n\t\t\t\t<div class=\"elementor-element elementor-element-169c14b elementor-widget elementor-widget-heading\" data-id=\"169c14b\" data-element_type=\"widget\" data-e-type=\"widget\" data-widget_type=\"heading.default\">\n\t\t\t\t<div class=\"elementor-widget-container\">\n\t\t\t\t\t<h2 class=\"elementor-heading-title elementor-size-default\">Contact Us :<\/h2>\t\t\t\t<\/div>\n\t\t\t\t<\/div>\n\t\t\t\t<div class=\"elementor-element elementor-element-928b0fc elementor-widget elementor-widget-text-editor\" data-id=\"928b0fc\" data-element_type=\"widget\" data-e-type=\"widget\" data-widget_type=\"text-editor.default\">\n\t\t\t\t<div class=\"elementor-widget-container\">\n\t\t\t\t\t\t\t\t\t<p>Email : contact@trybu.io<br \/>by postmail : <a tabindex=\"0\" href=\"https:\/\/www.google.com\/maps\/place\/\/data=!4m2!3m1!1s0x47c328e83b2bec57:0x6c57984f1c2ac986?sa=X&amp;ved=1t:8290&amp;ictx=111\" data-url=\"\/maps\/place\/\/data=!4m2!3m1!1s0x47c328e83b2bec57:0x6c57984f1c2ac986?sa=X&amp;ved=2ahUKEwjog_f1yc2FAxUDUKQEHdW6CrQQ4kB6BAgOEAA\">87 Rue du Fontenoy, 59100 Roubaix<\/a><\/p>\t\t\t\t\t\t\t\t<\/div>\n\t\t\t\t<\/div>\n\t\t\t\t\t<\/div>\n\t\t\t\t<\/div>\n\t\t\t\t<\/div>","protected":false},"excerpt":{"rendered":"<p>La marque Trybu est une marque d\u00e9pos\u00e9e et enregistr\u00e9e \u00e0 l&rsquo;INPI (Institut National de la Propri\u00e9t\u00e9 Industrielle), toute utilisation de celle-ci sans validation de notre part vous expose \u00e0 des poursuites.Le site www.trybu.io a pour objet de fournir une information concernant l\u2019ensemble des services &amp; activit\u00e9s de la soci\u00e9t\u00e9.Les informations indiqu\u00e9es sur le site sont [&hellip;]<\/p>\n","protected":false},"author":7,"featured_media":0,"parent":0,"menu_order":0,"comment_status":"closed","ping_status":"closed","template":"","meta":{"footnotes":""},"class_list":["post-1918","page","type-page","status-publish","hentry"],"yoast_head":"<!-- This site is optimized with the Yoast SEO plugin v27.4 - https:\/\/yoast.com\/product\/yoast-seo-wordpress\/ -->\n<title>Mentions l\u00e9gales - Trybu<\/title>\n<meta name=\"description\" content=\"Mentions l\u00e9gales de l&#039;entreprise Trybu.io\" \/>\n<meta name=\"robots\" content=\"noindex, nofollow\" \/>\n<meta property=\"og:locale\" content=\"en_GB\" \/>\n<meta property=\"og:type\" content=\"article\" \/>\n<meta property=\"og:title\" content=\"Mentions l\u00e9gales - Trybu\" \/>\n<meta property=\"og:description\" content=\"Mentions l\u00e9gales de l&#039;entreprise Trybu.io\" \/>\n<meta property=\"og:url\" content=\"https:\/\/trybu.io\/en\/mentions-legales\/\" \/>\n<meta property=\"og:site_name\" content=\"Trybu\" \/>\n<meta property=\"article:modified_time\" content=\"2026-01-30T11:03:31+00:00\" \/>\n<meta name=\"twitter:card\" content=\"summary_large_image\" \/>\n<meta name=\"twitter:label1\" content=\"Estimated reading time\" \/>\n\t<meta name=\"twitter:data1\" content=\"3 minutes\" \/>\n<script type=\"application\/ld+json\" class=\"yoast-schema-graph\">{\"@context\":\"https:\\\/\\\/schema.org\",\"@graph\":[{\"@type\":\"WebPage\",\"@id\":\"https:\\\/\\\/trybu.io\\\/mentions-legales\\\/\",\"url\":\"https:\\\/\\\/trybu.io\\\/mentions-legales\\\/\",\"name\":\"Mentions l\u00e9gales - Trybu\",\"isPartOf\":{\"@id\":\"https:\\\/\\\/trybu.io\\\/#website\"},\"datePublished\":\"2023-10-17T19:36:23+00:00\",\"dateModified\":\"2026-01-30T11:03:31+00:00\",\"description\":\"Mentions l\u00e9gales de l'entreprise Trybu.io\",\"breadcrumb\":{\"@id\":\"https:\\\/\\\/trybu.io\\\/mentions-legales\\\/#breadcrumb\"},\"inLanguage\":\"en-GB\",\"potentialAction\":[{\"@type\":\"ReadAction\",\"target\":[\"https:\\\/\\\/trybu.io\\\/mentions-legales\\\/\"]}]},{\"@type\":\"BreadcrumbList\",\"@id\":\"https:\\\/\\\/trybu.io\\\/mentions-legales\\\/#breadcrumb\",\"itemListElement\":[{\"@type\":\"ListItem\",\"position\":1,\"name\":\"Accueil\",\"item\":\"https:\\\/\\\/trybu.io\\\/\"},{\"@type\":\"ListItem\",\"position\":2,\"name\":\"Mentions l\u00e9gales\"}]},{\"@type\":\"WebSite\",\"@id\":\"https:\\\/\\\/trybu.io\\\/#website\",\"url\":\"https:\\\/\\\/trybu.io\\\/\",\"name\":\"Trybu\",\"description\":\"Faites tester vos produits avant achat\",\"publisher\":{\"@id\":\"https:\\\/\\\/trybu.io\\\/#organization\"},\"potentialAction\":[{\"@type\":\"SearchAction\",\"target\":{\"@type\":\"EntryPoint\",\"urlTemplate\":\"https:\\\/\\\/trybu.io\\\/?s={search_term_string}\"},\"query-input\":{\"@type\":\"PropertyValueSpecification\",\"valueRequired\":true,\"valueName\":\"search_term_string\"}}],\"inLanguage\":\"en-GB\"},{\"@type\":\"Organization\",\"@id\":\"https:\\\/\\\/trybu.io\\\/#organization\",\"name\":\"Trybu\",\"url\":\"https:\\\/\\\/trybu.io\\\/\",\"logo\":{\"@type\":\"ImageObject\",\"inLanguage\":\"en-GB\",\"@id\":\"https:\\\/\\\/trybu.io\\\/#\\\/schema\\\/logo\\\/image\\\/\",\"url\":\"https:\\\/\\\/trybu.io\\\/wp-content\\\/uploads\\\/2023\\\/09\\\/Logo-TRYBU-blanc-1.svg\",\"contentUrl\":\"https:\\\/\\\/trybu.io\\\/wp-content\\\/uploads\\\/2023\\\/09\\\/Logo-TRYBU-blanc-1.svg\",\"width\":290,\"height\":110,\"caption\":\"Trybu\"},\"image\":{\"@id\":\"https:\\\/\\\/trybu.io\\\/#\\\/schema\\\/logo\\\/image\\\/\"},\"sameAs\":[\"https:\\\/\\\/www.linkedin.com\\\/company\\\/trbu\\\/\"]}]}<\/script>\n<!-- \/ Yoast SEO plugin. -->","yoast_head_json":{"title":"Mentions l\u00e9gales - Trybu","description":"Mentions l\u00e9gales de l'entreprise Trybu.io","robots":{"index":"noindex","follow":"nofollow"},"og_locale":"en_GB","og_type":"article","og_title":"Mentions l\u00e9gales - Trybu","og_description":"Mentions l\u00e9gales de l'entreprise Trybu.io","og_url":"https:\/\/trybu.io\/en\/mentions-legales\/","og_site_name":"Trybu","article_modified_time":"2026-01-30T11:03:31+00:00","twitter_card":"summary_large_image","twitter_misc":{"Estimated reading time":"3 minutes"},"schema":{"@context":"https:\/\/schema.org","@graph":[{"@type":"WebPage","@id":"https:\/\/trybu.io\/mentions-legales\/","url":"https:\/\/trybu.io\/mentions-legales\/","name":"Mentions l\u00e9gales - Trybu","isPartOf":{"@id":"https:\/\/trybu.io\/#website"},"datePublished":"2023-10-17T19:36:23+00:00","dateModified":"2026-01-30T11:03:31+00:00","description":"Mentions l\u00e9gales de l'entreprise Trybu.io","breadcrumb":{"@id":"https:\/\/trybu.io\/mentions-legales\/#breadcrumb"},"inLanguage":"en-GB","potentialAction":[{"@type":"ReadAction","target":["https:\/\/trybu.io\/mentions-legales\/"]}]},{"@type":"BreadcrumbList","@id":"https:\/\/trybu.io\/mentions-legales\/#breadcrumb","itemListElement":[{"@type":"ListItem","position":1,"name":"Accueil","item":"https:\/\/trybu.io\/"},{"@type":"ListItem","position":2,"name":"Mentions l\u00e9gales"}]},{"@type":"WebSite","@id":"https:\/\/trybu.io\/#website","url":"https:\/\/trybu.io\/","name":"Trybu","description":"Faites tester vos produits avant achat","publisher":{"@id":"https:\/\/trybu.io\/#organization"},"potentialAction":[{"@type":"SearchAction","target":{"@type":"EntryPoint","urlTemplate":"https:\/\/trybu.io\/?s={search_term_string}"},"query-input":{"@type":"PropertyValueSpecification","valueRequired":true,"valueName":"search_term_string"}}],"inLanguage":"en-GB"},{"@type":"Organization","@id":"https:\/\/trybu.io\/#organization","name":"Trybu","url":"https:\/\/trybu.io\/","logo":{"@type":"ImageObject","inLanguage":"en-GB","@id":"https:\/\/trybu.io\/#\/schema\/logo\/image\/","url":"https:\/\/trybu.io\/wp-content\/uploads\/2023\/09\/Logo-TRYBU-blanc-1.svg","contentUrl":"https:\/\/trybu.io\/wp-content\/uploads\/2023\/09\/Logo-TRYBU-blanc-1.svg","width":290,"height":110,"caption":"Trybu"},"image":{"@id":"https:\/\/trybu.io\/#\/schema\/logo\/image\/"},"sameAs":["https:\/\/www.linkedin.com\/company\/trbu\/"]}]}},"_links":{"self":[{"href":"https:\/\/trybu.io\/en\/wp-json\/wp\/v2\/pages\/1918","targetHints":{"allow":["GET"]}}],"collection":[{"href":"https:\/\/trybu.io\/en\/wp-json\/wp\/v2\/pages"}],"about":[{"href":"https:\/\/trybu.io\/en\/wp-json\/wp\/v2\/types\/page"}],"author":[{"embeddable":true,"href":"https:\/\/trybu.io\/en\/wp-json\/wp\/v2\/users\/7"}],"replies":[{"embeddable":true,"href":"https:\/\/trybu.io\/en\/wp-json\/wp\/v2\/comments?post=1918"}],"version-history":[{"count":21,"href":"https:\/\/trybu.io\/en\/wp-json\/wp\/v2\/pages\/1918\/revisions"}],"predecessor-version":[{"id":6549,"href":"https:\/\/trybu.io\/en\/wp-json\/wp\/v2\/pages\/1918\/revisions\/6549"}],"wp:attachment":[{"href":"https:\/\/trybu.io\/en\/wp-json\/wp\/v2\/media?parent=1918"}],"curies":[{"name":"wp","href":"https:\/\/api.w.org\/{rel}","templated":true}]}}