{"id":15,"date":"2023-09-20T10:28:44","date_gmt":"2023-09-20T08:28:44","guid":{"rendered":"https:\/\/trybu.io\/trybu\/?page_id=15"},"modified":"2025-07-04T10:58:28","modified_gmt":"2025-07-04T08:58:28","slug":"ambassadeur","status":"publish","type":"page","link":"https:\/\/trybu.io\/en\/ambassadeur\/","title":{"rendered":"Become an ambassador"},"content":{"rendered":"\t\t<div data-elementor-type=\"wp-page\" data-elementor-id=\"15\" class=\"elementor elementor-15\" data-elementor-post-type=\"page\">\n\t\t\t\t<div class=\"elementor-element elementor-element-c0e4e0d e-flex e-con-boxed e-con e-parent\" data-id=\"c0e4e0d\" data-element_type=\"container\" data-e-type=\"container\">\n\t\t\t\t\t<div class=\"e-con-inner\">\n\t\t<div class=\"elementor-element elementor-element-058b611 e-con-full e-flex e-con e-child\" data-id=\"058b611\" data-element_type=\"container\" data-e-type=\"container\">\n\t\t\t\t<div class=\"elementor-element elementor-element-d2af6a0 elementor-hidden-mobile elementor-widget elementor-widget-image\" data-id=\"d2af6a0\" data-element_type=\"widget\" data-e-type=\"widget\" data-widget_type=\"image.default\">\n\t\t\t\t<div class=\"elementor-widget-container\">\n\t\t\t\t\t\t\t\t\t\t\t\t\t\t\t<img fetchpriority=\"high\" decoding=\"async\" width=\"300\" height=\"600\" src=\"https:\/\/trybu.io\/wp-content\/uploads\/2024\/09\/admin-ajax-1.webp\" class=\"attachment-medium_large size-medium_large wp-image-4582\" alt=\"ambassadeur 1\" srcset=\"https:\/\/trybu.io\/wp-content\/uploads\/2024\/09\/admin-ajax-1.webp 300w, https:\/\/trybu.io\/wp-content\/uploads\/2024\/09\/admin-ajax-1-150x300.webp 150w\" sizes=\"(max-width: 300px) 100vw, 300px\" \/>\t\t\t\t\t\t\t\t\t\t\t\t\t\t\t<\/div>\n\t\t\t\t<\/div>\n\t\t\t\t<\/div>\n\t\t<div class=\"elementor-element elementor-element-a96911f e-con-full e-flex e-con e-child\" data-id=\"a96911f\" data-element_type=\"container\" data-e-type=\"container\">\n\t\t<div class=\"elementor-element elementor-element-d63a2c7 e-con-full e-flex e-con e-child\" data-id=\"d63a2c7\" data-element_type=\"container\" data-e-type=\"container\">\n\t\t\t\t<div class=\"elementor-element elementor-element-83d543c elementor-widget elementor-widget-heading\" data-id=\"83d543c\" data-element_type=\"widget\" data-e-type=\"widget\" data-widget_type=\"heading.default\">\n\t\t\t\t<div class=\"elementor-widget-container\">\n\t\t\t\t\t<h2 class=\"elementor-heading-title elementor-size-default\">Devenez Ambassadeur<\/h2>\t\t\t\t<\/div>\n\t\t\t\t<\/div>\n\t\t\t\t<div class=\"elementor-element elementor-element-78e45fd elementor-widget elementor-widget-heading\" data-id=\"78e45fd\" data-element_type=\"widget\" data-e-type=\"widget\" data-widget_type=\"heading.default\">\n\t\t\t\t<div class=\"elementor-widget-container\">\n\t\t\t\t\t<h2 class=\"elementor-heading-title elementor-size-default\">Et boostez vos revenus<\/h2>\t\t\t\t<\/div>\n\t\t\t\t<\/div>\n\t\t\t\t<div class=\"elementor-element elementor-element-787fa03 elementor-hidden-desktop elementor-hidden-tablet elementor-widget elementor-widget-image\" data-id=\"787fa03\" data-element_type=\"widget\" data-e-type=\"widget\" data-widget_type=\"image.default\">\n\t\t\t\t<div class=\"elementor-widget-container\">\n\t\t\t\t\t\t\t\t\t\t\t\t\t\t\t<img decoding=\"async\" width=\"600\" height=\"471\" src=\"https:\/\/trybu.io\/wp-content\/uploads\/2024\/09\/admin-ajax.webp\" class=\"attachment-medium_large size-medium_large wp-image-4583\" alt=\"ambassadeur\" srcset=\"https:\/\/trybu.io\/wp-content\/uploads\/2024\/09\/admin-ajax.webp 600w, https:\/\/trybu.io\/wp-content\/uploads\/2024\/09\/admin-ajax-300x236.webp 300w\" sizes=\"(max-width: 600px) 100vw, 600px\" \/>\t\t\t\t\t\t\t\t\t\t\t\t\t\t\t<\/div>\n\t\t\t\t<\/div>\n\t\t\t\t<\/div>\n\t\t<div class=\"elementor-element elementor-element-b2f2cfd e-con-full e-flex e-con e-child\" data-id=\"b2f2cfd\" data-element_type=\"container\" data-e-type=\"container\">\n\t\t\t\t<div class=\"elementor-element elementor-element-c876b51 elementor-widget elementor-widget-text-editor\" data-id=\"c876b51\" data-element_type=\"widget\" data-e-type=\"widget\" data-widget_type=\"text-editor.default\">\n\t\t\t\t<div class=\"elementor-widget-container\">\n\t\t\t\t\t\t\t\t\t<p data-start=\"408\" data-end=\"711\">Chez Trybu, nous pensons que rien ne remplace <strong data-start=\"454\" data-end=\"486\">l\u2019avis d\u2019un vrai utilisateur<\/strong> pour se faire une id\u00e9e avant d\u2019acheter. En devenant ambassadeur, vous permettez \u00e0 d\u2019autres personnes pr\u00e8s de chez vous de <strong data-start=\"609\" data-end=\"653\">d\u00e9couvrir un produit en situation r\u00e9elle<\/strong>, poser leurs questions, et se d\u00e9cider en toute confiance.<\/p><p data-start=\"713\" data-end=\"766\">C\u2019est simple, humain et b\u00e9n\u00e9fique pour tout le monde.<\/p>\t\t\t\t\t\t\t\t<\/div>\n\t\t\t\t<\/div>\n\t\t\t\t<div class=\"elementor-element elementor-element-7333a9d elementor-widget elementor-widget-text-editor\" data-id=\"7333a9d\" data-element_type=\"widget\" data-e-type=\"widget\" data-widget_type=\"text-editor.default\">\n\t\t\t\t<div class=\"elementor-widget-container\">\n\t\t\t\t\t\t\t\t\t<h3 data-start=\"773\" data-end=\"807\">Pourquoi devenir ambassadeur ?<\/h3><ul data-start=\"809\" data-end=\"1138\"><li data-start=\"809\" data-end=\"887\"><p data-start=\"811\" data-end=\"887\"><strong data-start=\"811\" data-end=\"840\">Partager votre exp\u00e9rience<\/strong> et aider vos voisins \u00e0 faire un choix \u00e9clair\u00e9.<\/p><\/li><li data-start=\"888\" data-end=\"983\"><p data-start=\"890\" data-end=\"983\"><strong data-start=\"890\" data-end=\"915\">Valoriser votre temps<\/strong> en recevant des avantages ou r\u00e9compenses pour chaque test organis\u00e9.<\/p><\/li><li data-start=\"984\" data-end=\"1052\"><p data-start=\"986\" data-end=\"1052\"><strong data-start=\"986\" data-end=\"1009\">Cr\u00e9er du lien local<\/strong>, autour d\u2019\u00e9changes conviviaux et sinc\u00e8res.<\/p><\/li><li data-start=\"1053\" data-end=\"1138\"><p data-start=\"1055\" data-end=\"1138\"><strong data-start=\"1055\" data-end=\"1102\">Agir pour une consommation plus responsable<\/strong>, bas\u00e9e sur l\u2019essai et la confiance.<\/p><\/li><\/ul>\t\t\t\t\t\t\t\t<\/div>\n\t\t\t\t<\/div>\n\t\t\t\t<div class=\"elementor-element elementor-element-36cbd05 elementor-widget elementor-widget-text-editor\" data-id=\"36cbd05\" data-element_type=\"widget\" data-e-type=\"widget\" data-widget_type=\"text-editor.default\">\n\t\t\t\t<div class=\"elementor-widget-container\">\n\t\t\t\t\t\t\t\t\t<p>Pour postuler, il vous suffit de nous parler rapidement de vos motivations en pr\u00e9cisant la ville sur laquelle vous souhaitez \u00eatre ambassadeur.<\/p>\t\t\t\t\t\t\t\t<\/div>\n\t\t\t\t<\/div>\n\t\t\t\t<div class=\"elementor-element elementor-element-c3d7ad5 elementor-button-align-start elementor-widget elementor-widget-form\" data-id=\"c3d7ad5\" data-element_type=\"widget\" data-e-type=\"widget\" data-settings=\"{&quot;step_next_label&quot;:&quot;Suivant&quot;,&quot;step_previous_label&quot;:&quot;Pr\\u00e9c\\u00e9dent&quot;,&quot;step_type&quot;:&quot;number_text&quot;,&quot;step_icon_shape&quot;:&quot;circle&quot;}\" data-widget_type=\"form.default\">\n\t\t\t\t<div class=\"elementor-widget-container\">\n\t\t\t\t\t\t\t<form class=\"elementor-form\" method=\"post\" name=\"Nouveau formulaire\" aria-label=\"Nouveau formulaire\">\n\t\t\t<input type=\"hidden\" name=\"post_id\" value=\"15\"\/>\n\t\t\t<input type=\"hidden\" name=\"form_id\" value=\"c3d7ad5\"\/>\n\t\t\t<input type=\"hidden\" name=\"referer_title\" value=\"Ambassadeur produit - G\u00e9n\u00e9rez des revenus compl\u00e9mentaires\" \/>\n\n\t\t\t\t\t\t\t<input type=\"hidden\" name=\"queried_id\" value=\"15\"\/>\n\t\t\t\n\t\t\t<div class=\"elementor-form-fields-wrapper elementor-labels-above\">\n\t\t\t\t\t\t\t\t<div class=\"elementor-field-type-text elementor-field-group elementor-column elementor-field-group-name elementor-col-50 elementor-field-required elementor-mark-required\">\n\t\t\t\t\t\t\t\t\t\t\t\t<label for=\"form-field-name\" class=\"elementor-field-label\">\n\t\t\t\t\t\t\t\tNom \/ Pr\u00e9nom\t\t\t\t\t\t\t<\/label>\n\t\t\t\t\t\t\t\t\t\t\t\t\t\t<input size=\"1\" type=\"text\" name=\"form_fields[name]\" id=\"form-field-name\" class=\"elementor-field elementor-size-sm  elementor-field-textual\" placeholder=\"Nom \/ Pr\u00e9nom\" required=\"required\">\n\t\t\t\t\t\t\t\t\t\t\t<\/div>\n\t\t\t\t\t\t\t\t<div class=\"elementor-field-type-email elementor-field-group elementor-column elementor-field-group-email elementor-col-50 elementor-field-required elementor-mark-required\">\n\t\t\t\t\t\t\t\t\t\t\t\t<label for=\"form-field-email\" class=\"elementor-field-label\">\n\t\t\t\t\t\t\t\tE-mail\t\t\t\t\t\t\t<\/label>\n\t\t\t\t\t\t\t\t\t\t\t\t\t\t<input size=\"1\" type=\"email\" name=\"form_fields[email]\" id=\"form-field-email\" class=\"elementor-field elementor-size-sm  elementor-field-textual\" placeholder=\"E-mail\" required=\"required\">\n\t\t\t\t\t\t\t\t\t\t\t<\/div>\n\t\t\t\t\t\t\t\t<div class=\"elementor-field-type-text elementor-field-group elementor-column elementor-field-group-field_c719c2e elementor-col-50 elementor-field-required elementor-mark-required\">\n\t\t\t\t\t\t\t\t\t\t\t\t<label for=\"form-field-field_c719c2e\" class=\"elementor-field-label\">\n\t\t\t\t\t\t\t\tCode postal \/ Ville \t\t\t\t\t\t\t<\/label>\n\t\t\t\t\t\t\t\t\t\t\t\t\t\t<input size=\"1\" type=\"text\" name=\"form_fields[field_c719c2e]\" id=\"form-field-field_c719c2e\" class=\"elementor-field elementor-size-sm  elementor-field-textual\" required=\"required\">\n\t\t\t\t\t\t\t\t\t\t\t<\/div>\n\t\t\t\t\t\t\t\t<div class=\"elementor-field-type-text elementor-field-group elementor-column elementor-field-group-field_2287366 elementor-col-50\">\n\t\t\t\t\t\t\t\t\t\t\t\t<label for=\"form-field-field_2287366\" class=\"elementor-field-label\">\n\t\t\t\t\t\t\t\tT\u00e9l\u00e9phone\t\t\t\t\t\t\t<\/label>\n\t\t\t\t\t\t\t\t\t\t\t\t\t\t<input size=\"1\" type=\"text\" name=\"form_fields[field_2287366]\" id=\"form-field-field_2287366\" class=\"elementor-field elementor-size-sm  elementor-field-textual\">\n\t\t\t\t\t\t\t\t\t\t\t<\/div>\n\t\t\t\t\t\t\t\t<div class=\"elementor-field-type-textarea elementor-field-group elementor-column elementor-field-group-message elementor-col-100 elementor-field-required elementor-mark-required\">\n\t\t\t\t\t\t\t\t\t\t\t\t<label for=\"form-field-message\" class=\"elementor-field-label\">\n\t\t\t\t\t\t\t\tPr\u00e9sentez-vous...\t\t\t\t\t\t\t<\/label>\n\t\t\t\t\t\t<textarea class=\"elementor-field-textual elementor-field  elementor-size-sm\" name=\"form_fields[message]\" id=\"form-field-message\" rows=\"4\" required=\"required\"><\/textarea>\t\t\t\t<\/div>\n\t\t\t\t\t\t\t\t<div class=\"elementor-field-group elementor-column elementor-field-type-submit elementor-col-100 e-form__buttons\">\n\t\t\t\t\t<button class=\"elementor-button elementor-size-sm\" type=\"submit\">\n\t\t\t\t\t\t<span class=\"elementor-button-content-wrapper\">\n\t\t\t\t\t\t\t\t\t\t\t\t\t\t\t\t\t\t\t\t\t\t<span class=\"elementor-button-text\">Envoyer<\/span>\n\t\t\t\t\t\t\t\t\t\t\t\t\t<\/span>\n\t\t\t\t\t<\/button>\n\t\t\t\t<\/div>\n\t\t\t<\/div>\n\t\t<\/form>\n\t\t\t\t\t\t<\/div>\n\t\t\t\t<\/div>\n\t\t\t\t<\/div>\n\t\t\t\t<\/div>\n\t\t\t\t\t<\/div>\n\t\t\t\t<\/div>\n\t\t<div class=\"elementor-element elementor-element-9aa4c96 e-flex e-con-boxed e-con e-parent\" data-id=\"9aa4c96\" data-element_type=\"container\" data-e-type=\"container\">\n\t\t\t\t\t<div class=\"e-con-inner\">\n\t\t\t\t<div class=\"elementor-element elementor-element-2ce21ef elementor-widget elementor-widget-wl-faq\" data-id=\"2ce21ef\" data-element_type=\"widget\" data-e-type=\"widget\" data-widget_type=\"wl-faq.default\">\n\t\t\t\t<div class=\"elementor-widget-container\">\n\t\t\t\t\t                \n            <div class=\"htwoolentor-faq htmove-icon-pos-after\" id=\"htwoolentor-faq-2ce21ef\" data-settings=\"{&quot;showitem&quot;:true}\" >\n                                            <div class=\"htwoolentor-faq-card\">\n                                <div class=\"htwoolentor-faq-head\"><span class=\"htwoolentor-faq-head-text\">Qu\u2019est-ce qu\u2019un ambassadeur Trybu ?<\/span> <span class=\"htwoolentor-faq-head-indicator\"><\/span><\/div>                                <div class=\"htwoolentor-faq-body\">\n                                    <div class=\"htwoolentor-faq-content\">\n                                    <p>Un ambassadeur Trybu est simplement <strong data-start=\"308\" data-end=\"400\">un utilisateur satisfait qui accepte de faire d\u00e9couvrir son produit \u00e0 d\u2019autres personnes<\/strong> pr\u00e8s de chez lui. C\u2019est un moyen convivial et transparent d\u2019aider des consommateurs \u00e0 se d\u00e9cider, en partageant son exp\u00e9rience r\u00e9elle.<\/p>                                    <\/div>\n                                <\/div>\n                            <\/div>\n                                                        <div class=\"htwoolentor-faq-card\">\n                                <div class=\"htwoolentor-faq-head\"><span class=\"htwoolentor-faq-head-text\">Est-ce que je gagne quelque chose ?<\/span> <span class=\"htwoolentor-faq-head-indicator\"><\/span><\/div>                                <div class=\"htwoolentor-faq-body\">\n                                    <div class=\"htwoolentor-faq-content\">\n                                    <p>Oui, Trybu et ses marques partenaires pr\u00e9voient <strong data-start=\"1057\" data-end=\"1121\">des r\u00e9compenses et avantages pour chaque rencontre effectu\u00e9e<\/strong>. Vous \u00eates ainsi remerci\u00e9 pour le temps et l\u2019accueil que vous offrez.<\/p>                                    <\/div>\n                                <\/div>\n                            <\/div>\n                                                        <div class=\"htwoolentor-faq-card\">\n                                <div class=\"htwoolentor-faq-head\"><span class=\"htwoolentor-faq-head-text\">Est-ce que \u00e7a prend beaucoup de temps ?<\/span> <span class=\"htwoolentor-faq-head-indicator\"><\/span><\/div>                                <div class=\"htwoolentor-faq-body\">\n                                    <div class=\"htwoolentor-faq-content\">\n                                    <p>Non. C\u2019est vous qui choisissez <strong data-start=\"1275\" data-end=\"1322\">vos cr\u00e9neaux et la fr\u00e9quence des rencontres en accord avec la marque.<\/strong>\u00a0Vous restez totalement libre d\u2019accepter ou non chaque demande.<\/p>                                    <\/div>\n                                <\/div>\n                            <\/div>\n                                        <\/div>\n        \t\t\t\t<\/div>\n\t\t\t\t<\/div>\n\t\t\t\t\t<\/div>\n\t\t\t\t<\/div>\n\t\t\t\t<\/div>\n\t\t","protected":false},"excerpt":{"rendered":"<p>Devenez Ambassadeur Et boostez vos revenus Chez Trybu, nous pensons que rien ne remplace l\u2019avis d\u2019un vrai utilisateur pour se faire une id\u00e9e avant d\u2019acheter. En devenant ambassadeur, vous permettez \u00e0 d\u2019autres personnes pr\u00e8s de chez vous de d\u00e9couvrir un produit en situation r\u00e9elle, poser leurs questions, et se d\u00e9cider en toute confiance. C\u2019est simple, [&hellip;]<\/p>\n","protected":false},"author":5,"featured_media":447,"parent":0,"menu_order":2,"comment_status":"closed","ping_status":"closed","template":"elementor_header_footer","meta":{"footnotes":""},"class_list":["post-15","page","type-page","status-publish","has-post-thumbnail","hentry"],"yoast_head":"<!-- This site is optimized with the Yoast SEO plugin v27.4 - https:\/\/yoast.com\/product\/yoast-seo-wordpress\/ -->\n<title>Ambassadeur produit - G\u00e9n\u00e9rez des revenus compl\u00e9mentaires<\/title>\n<meta name=\"description\" content=\"L&#039;ambassadeur joue un r\u00f4le cl\u00e9 en repr\u00e9sentant des marques qui souhaitent proposer \u00e0 l&#039;essai leurs produits en conditions r\u00e9elles.\" \/>\n<meta name=\"robots\" content=\"index, follow, max-snippet:-1, max-image-preview:large, max-video-preview:-1\" \/>\n<link rel=\"canonical\" href=\"https:\/\/trybu.io\/en\/ambassadeur\/\" \/>\n<meta property=\"og:locale\" content=\"en_GB\" \/>\n<meta property=\"og:type\" content=\"article\" \/>\n<meta property=\"og:title\" content=\"Ambassadeur produit - G\u00e9n\u00e9rez des revenus compl\u00e9mentaires\" \/>\n<meta property=\"og:description\" content=\"L&#039;ambassadeur joue un r\u00f4le cl\u00e9 en repr\u00e9sentant des marques qui souhaitent proposer \u00e0 l&#039;essai leurs produits en conditions r\u00e9elles.\" \/>\n<meta property=\"og:url\" content=\"https:\/\/trybu.io\/en\/ambassadeur\/\" \/>\n<meta property=\"og:site_name\" content=\"Trybu\" \/>\n<meta property=\"article:modified_time\" content=\"2025-07-04T08:58:28+00:00\" \/>\n<meta property=\"og:image\" content=\"https:\/\/trybu.io\/wp-content\/uploads\/2023\/09\/image-ambassadeur-512x1024.png\" \/>\n\t<meta property=\"og:image:width\" content=\"512\" \/>\n\t<meta property=\"og:image:height\" content=\"1024\" \/>\n\t<meta property=\"og:image:type\" content=\"image\/png\" \/>\n<meta name=\"twitter:card\" content=\"summary_large_image\" \/>\n<meta name=\"twitter:label1\" content=\"Estimated reading time\" \/>\n\t<meta name=\"twitter:data1\" content=\"2 minutes\" \/>\n<script type=\"application\/ld+json\" class=\"yoast-schema-graph\">{\"@context\":\"https:\\\/\\\/schema.org\",\"@graph\":[{\"@type\":\"WebPage\",\"@id\":\"https:\\\/\\\/trybu.io\\\/ambassadeur\\\/\",\"url\":\"https:\\\/\\\/trybu.io\\\/ambassadeur\\\/\",\"name\":\"Ambassadeur produit - G\u00e9n\u00e9rez des revenus compl\u00e9mentaires\",\"isPartOf\":{\"@id\":\"https:\\\/\\\/trybu.io\\\/#website\"},\"primaryImageOfPage\":{\"@id\":\"https:\\\/\\\/trybu.io\\\/ambassadeur\\\/#primaryimage\"},\"image\":{\"@id\":\"https:\\\/\\\/trybu.io\\\/ambassadeur\\\/#primaryimage\"},\"thumbnailUrl\":\"https:\\\/\\\/trybu.io\\\/wp-content\\\/uploads\\\/2023\\\/09\\\/image-ambassadeur.png\",\"datePublished\":\"2023-09-20T08:28:44+00:00\",\"dateModified\":\"2025-07-04T08:58:28+00:00\",\"description\":\"L'ambassadeur joue un r\u00f4le cl\u00e9 en repr\u00e9sentant des marques qui souhaitent proposer \u00e0 l'essai leurs produits en conditions r\u00e9elles.\",\"breadcrumb\":{\"@id\":\"https:\\\/\\\/trybu.io\\\/ambassadeur\\\/#breadcrumb\"},\"inLanguage\":\"en-GB\",\"potentialAction\":[{\"@type\":\"ReadAction\",\"target\":[\"https:\\\/\\\/trybu.io\\\/ambassadeur\\\/\"]}]},{\"@type\":\"ImageObject\",\"inLanguage\":\"en-GB\",\"@id\":\"https:\\\/\\\/trybu.io\\\/ambassadeur\\\/#primaryimage\",\"url\":\"https:\\\/\\\/trybu.io\\\/wp-content\\\/uploads\\\/2023\\\/09\\\/image-ambassadeur.png\",\"contentUrl\":\"https:\\\/\\\/trybu.io\\\/wp-content\\\/uploads\\\/2023\\\/09\\\/image-ambassadeur.png\",\"width\":1024,\"height\":2048,\"caption\":\"ambassadeur\"},{\"@type\":\"BreadcrumbList\",\"@id\":\"https:\\\/\\\/trybu.io\\\/ambassadeur\\\/#breadcrumb\",\"itemListElement\":[{\"@type\":\"ListItem\",\"position\":1,\"name\":\"Accueil\",\"item\":\"https:\\\/\\\/trybu.io\\\/\"},{\"@type\":\"ListItem\",\"position\":2,\"name\":\"Devenir ambassadeur\"}]},{\"@type\":\"WebSite\",\"@id\":\"https:\\\/\\\/trybu.io\\\/#website\",\"url\":\"https:\\\/\\\/trybu.io\\\/\",\"name\":\"Trybu\",\"description\":\"Faites tester vos produits avant achat\",\"publisher\":{\"@id\":\"https:\\\/\\\/trybu.io\\\/#organization\"},\"potentialAction\":[{\"@type\":\"SearchAction\",\"target\":{\"@type\":\"EntryPoint\",\"urlTemplate\":\"https:\\\/\\\/trybu.io\\\/?s={search_term_string}\"},\"query-input\":{\"@type\":\"PropertyValueSpecification\",\"valueRequired\":true,\"valueName\":\"search_term_string\"}}],\"inLanguage\":\"en-GB\"},{\"@type\":\"Organization\",\"@id\":\"https:\\\/\\\/trybu.io\\\/#organization\",\"name\":\"Trybu\",\"url\":\"https:\\\/\\\/trybu.io\\\/\",\"logo\":{\"@type\":\"ImageObject\",\"inLanguage\":\"en-GB\",\"@id\":\"https:\\\/\\\/trybu.io\\\/#\\\/schema\\\/logo\\\/image\\\/\",\"url\":\"https:\\\/\\\/trybu.io\\\/wp-content\\\/uploads\\\/2023\\\/09\\\/Logo-TRYBU-blanc-1.svg\",\"contentUrl\":\"https:\\\/\\\/trybu.io\\\/wp-content\\\/uploads\\\/2023\\\/09\\\/Logo-TRYBU-blanc-1.svg\",\"width\":290,\"height\":110,\"caption\":\"Trybu\"},\"image\":{\"@id\":\"https:\\\/\\\/trybu.io\\\/#\\\/schema\\\/logo\\\/image\\\/\"},\"sameAs\":[\"https:\\\/\\\/www.linkedin.com\\\/company\\\/trbu\\\/\"]}]}<\/script>\n<!-- \/ Yoast SEO plugin. -->","yoast_head_json":{"title":"Ambassadeur produit - G\u00e9n\u00e9rez des revenus compl\u00e9mentaires","description":"L'ambassadeur joue un r\u00f4le cl\u00e9 en repr\u00e9sentant des marques qui souhaitent proposer \u00e0 l'essai leurs produits en conditions r\u00e9elles.","robots":{"index":"index","follow":"follow","max-snippet":"max-snippet:-1","max-image-preview":"max-image-preview:large","max-video-preview":"max-video-preview:-1"},"canonical":"https:\/\/trybu.io\/en\/ambassadeur\/","og_locale":"en_GB","og_type":"article","og_title":"Ambassadeur produit - G\u00e9n\u00e9rez des revenus compl\u00e9mentaires","og_description":"L'ambassadeur joue un r\u00f4le cl\u00e9 en repr\u00e9sentant des marques qui souhaitent proposer \u00e0 l'essai leurs produits en conditions r\u00e9elles.","og_url":"https:\/\/trybu.io\/en\/ambassadeur\/","og_site_name":"Trybu","article_modified_time":"2025-07-04T08:58:28+00:00","og_image":[{"width":512,"height":1024,"url":"https:\/\/trybu.io\/wp-content\/uploads\/2023\/09\/image-ambassadeur-512x1024.png","type":"image\/png"}],"twitter_card":"summary_large_image","twitter_misc":{"Estimated reading time":"2 minutes"},"schema":{"@context":"https:\/\/schema.org","@graph":[{"@type":"WebPage","@id":"https:\/\/trybu.io\/ambassadeur\/","url":"https:\/\/trybu.io\/ambassadeur\/","name":"Ambassadeur produit - G\u00e9n\u00e9rez des revenus compl\u00e9mentaires","isPartOf":{"@id":"https:\/\/trybu.io\/#website"},"primaryImageOfPage":{"@id":"https:\/\/trybu.io\/ambassadeur\/#primaryimage"},"image":{"@id":"https:\/\/trybu.io\/ambassadeur\/#primaryimage"},"thumbnailUrl":"https:\/\/trybu.io\/wp-content\/uploads\/2023\/09\/image-ambassadeur.png","datePublished":"2023-09-20T08:28:44+00:00","dateModified":"2025-07-04T08:58:28+00:00","description":"L'ambassadeur joue un r\u00f4le cl\u00e9 en repr\u00e9sentant des marques qui souhaitent proposer \u00e0 l'essai leurs produits en conditions r\u00e9elles.","breadcrumb":{"@id":"https:\/\/trybu.io\/ambassadeur\/#breadcrumb"},"inLanguage":"en-GB","potentialAction":[{"@type":"ReadAction","target":["https:\/\/trybu.io\/ambassadeur\/"]}]},{"@type":"ImageObject","inLanguage":"en-GB","@id":"https:\/\/trybu.io\/ambassadeur\/#primaryimage","url":"https:\/\/trybu.io\/wp-content\/uploads\/2023\/09\/image-ambassadeur.png","contentUrl":"https:\/\/trybu.io\/wp-content\/uploads\/2023\/09\/image-ambassadeur.png","width":1024,"height":2048,"caption":"ambassadeur"},{"@type":"BreadcrumbList","@id":"https:\/\/trybu.io\/ambassadeur\/#breadcrumb","itemListElement":[{"@type":"ListItem","position":1,"name":"Accueil","item":"https:\/\/trybu.io\/"},{"@type":"ListItem","position":2,"name":"Devenir ambassadeur"}]},{"@type":"WebSite","@id":"https:\/\/trybu.io\/#website","url":"https:\/\/trybu.io\/","name":"Trybu","description":"Faites tester vos produits avant achat","publisher":{"@id":"https:\/\/trybu.io\/#organization"},"potentialAction":[{"@type":"SearchAction","target":{"@type":"EntryPoint","urlTemplate":"https:\/\/trybu.io\/?s={search_term_string}"},"query-input":{"@type":"PropertyValueSpecification","valueRequired":true,"valueName":"search_term_string"}}],"inLanguage":"en-GB"},{"@type":"Organization","@id":"https:\/\/trybu.io\/#organization","name":"Trybu","url":"https:\/\/trybu.io\/","logo":{"@type":"ImageObject","inLanguage":"en-GB","@id":"https:\/\/trybu.io\/#\/schema\/logo\/image\/","url":"https:\/\/trybu.io\/wp-content\/uploads\/2023\/09\/Logo-TRYBU-blanc-1.svg","contentUrl":"https:\/\/trybu.io\/wp-content\/uploads\/2023\/09\/Logo-TRYBU-blanc-1.svg","width":290,"height":110,"caption":"Trybu"},"image":{"@id":"https:\/\/trybu.io\/#\/schema\/logo\/image\/"},"sameAs":["https:\/\/www.linkedin.com\/company\/trbu\/"]}]}},"_links":{"self":[{"href":"https:\/\/trybu.io\/en\/wp-json\/wp\/v2\/pages\/15","targetHints":{"allow":["GET"]}}],"collection":[{"href":"https:\/\/trybu.io\/en\/wp-json\/wp\/v2\/pages"}],"about":[{"href":"https:\/\/trybu.io\/en\/wp-json\/wp\/v2\/types\/page"}],"author":[{"embeddable":true,"href":"https:\/\/trybu.io\/en\/wp-json\/wp\/v2\/users\/5"}],"replies":[{"embeddable":true,"href":"https:\/\/trybu.io\/en\/wp-json\/wp\/v2\/comments?post=15"}],"version-history":[{"count":18,"href":"https:\/\/trybu.io\/en\/wp-json\/wp\/v2\/pages\/15\/revisions"}],"predecessor-version":[{"id":6167,"href":"https:\/\/trybu.io\/en\/wp-json\/wp\/v2\/pages\/15\/revisions\/6167"}],"wp:featuredmedia":[{"embeddable":true,"href":"https:\/\/trybu.io\/en\/wp-json\/wp\/v2\/media\/447"}],"wp:attachment":[{"href":"https:\/\/trybu.io\/en\/wp-json\/wp\/v2\/media?parent=15"}],"curies":[{"name":"wp","href":"https:\/\/api.w.org\/{rel}","templated":true}]}}